{"id":436,"date":"2022-05-12T00:12:38","date_gmt":"2022-05-12T07:12:38","guid":{"rendered":"https:\/\/www.protectabortionca.com\/home\/"},"modified":"2022-10-11T06:16:36","modified_gmt":"2022-10-11T13:16:36","slug":"yes-on-prop-1","status":"publish","type":"page","link":"https:\/\/www.protectabortionca.com\/es\/","title":{"rendered":"Home"},"content":{"rendered":"\t\t<div data-elementor-type=\"wp-page\" data-elementor-id=\"436\" class=\"elementor elementor-436 elementor-47\" data-elementor-post-type=\"page\">\n\t\t\t\t\t\t<section class=\"elementor-section elementor-top-section elementor-element elementor-element-f23d544 elementor-section-full_width elementor-section-stretched elementor-section-height-default elementor-section-height-default\" data-id=\"f23d544\" data-element_type=\"section\" data-settings=\"{&quot;stretch_section&quot;:&quot;section-stretched&quot;}\">\n\t\t\t\t\t\t<div class=\"elementor-container elementor-column-gap-default\">\n\t\t\t\t\t<div class=\"elementor-column elementor-col-50 elementor-top-column elementor-element elementor-element-ce22739\" data-id=\"ce22739\" data-element_type=\"column\" data-settings=\"{&quot;background_background&quot;:&quot;classic&quot;}\">\n\t\t\t<div class=\"elementor-widget-wrap elementor-element-populated\">\n\t\t\t\t\t\t<div class=\"elementor-element elementor-element-2612f62 elementor-widget elementor-widget-spacer\" data-id=\"2612f62\" data-element_type=\"widget\" data-widget_type=\"spacer.default\">\n\t\t\t\t<div class=\"elementor-widget-container\">\n\t\t\t\t\t\t\t<div class=\"elementor-spacer\">\n\t\t\t<div class=\"elementor-spacer-inner\"><\/div>\n\t\t<\/div>\n\t\t\t\t\t\t<\/div>\n\t\t\t\t<\/div>\n\t\t\t\t<div class=\"elementor-element elementor-element-10d03b4 elementor-hidden-tablet elementor-hidden-mobile elementor-hidden-widescreen elementor-hidden-desktop elementor-widget elementor-widget-image\" data-id=\"10d03b4\" data-element_type=\"widget\" data-widget_type=\"image.default\">\n\t\t\t\t<div class=\"elementor-widget-container\">\n\t\t\t\t\t\t\t\t\t\t\t\t\t\t\t<img decoding=\"async\" src=\"https:\/\/www.protectabortionca.com\/wp-content\/uploads\/2022\/06\/istockphoto-1242485859-1024x1024-1-600x600.jpg\" title=\"Doctor and patient at hospital room with face mask\" alt=\"Doctor and patient at hospital room with face mask\" loading=\"lazy\" \/>\t\t\t\t\t\t\t\t\t\t\t\t\t\t\t<\/div>\n\t\t\t\t<\/div>\n\t\t\t\t\t<\/div>\n\t\t<\/div>\n\t\t\t\t<div class=\"elementor-column elementor-col-50 elementor-top-column elementor-element elementor-element-fd5c383\" data-id=\"fd5c383\" data-element_type=\"column\" data-settings=\"{&quot;background_background&quot;:&quot;classic&quot;}\">\n\t\t\t<div class=\"elementor-widget-wrap elementor-element-populated\">\n\t\t\t\t\t<div class=\"elementor-background-overlay\"><\/div>\n\t\t\t\t\t\t<div class=\"elementor-element elementor-element-d1de1b0 elementor-widget elementor-widget-wpml-language-switcher\" data-id=\"d1de1b0\" data-element_type=\"widget\" data-widget_type=\"wpml-language-switcher.default\">\n\t\t\t\t<div class=\"elementor-widget-container\">\n\t\t\t\t\t<div class=\"wpml-elementor-ls\">\n<div class=\"wpml-ls-statics-footer wpml-ls wpml-ls-legacy-list-horizontal\">\n\t<ul role=\"menu\"><li class=\"wpml-ls-slot-footer wpml-ls-item wpml-ls-item-en wpml-ls-first-item wpml-ls-last-item wpml-ls-item-legacy-list-horizontal\" role=\"none\">\n\t\t\t\t<a href=\"https:\/\/www.protectabortionca.com\/\" class=\"wpml-ls-link\" role=\"menuitem\"  aria-label=\"Cambiar a English\" title=\"Cambiar a English\" >\n                    <span class=\"wpml-ls-native\" lang=\"en\">English<\/span><\/a>\n\t\t\t<\/li><\/ul>\n<\/div>\n<\/div>\t\t\t\t<\/div>\n\t\t\t\t<\/div>\n\t\t\t\t<div class=\"elementor-element elementor-element-92502ce elementor-widget elementor-widget-heading\" data-id=\"92502ce\" data-element_type=\"widget\" data-widget_type=\"heading.default\">\n\t\t\t\t<div class=\"elementor-widget-container\">\n\t\t\t\t\t<h2 class=\"elementor-heading-title elementor-size-default\">\u00danete a la lucha para proteger el derecho al aborto en California. <\/h2>\t\t\t\t<\/div>\n\t\t\t\t<\/div>\n\t\t\t\t<div class=\"elementor-element elementor-element-6c2532a elementor-button-align-stretch elementor-widget elementor-widget-form\" data-id=\"6c2532a\" data-element_type=\"widget\" data-settings=\"{&quot;step_next_label&quot;:&quot;Next&quot;,&quot;step_previous_label&quot;:&quot;Previous&quot;,&quot;button_width&quot;:&quot;100&quot;,&quot;step_type&quot;:&quot;number_text&quot;,&quot;step_icon_shape&quot;:&quot;circle&quot;}\" data-widget_type=\"form.default\">\n\t\t\t\t<div class=\"elementor-widget-container\">\n\t\t\t\t\t\t\t<form class=\"elementor-form\" method=\"post\" name=\"New Form\" aria-label=\"New Form\">\n\t\t\t<input type=\"hidden\" name=\"post_id\" value=\"436\"\/>\n\t\t\t<input type=\"hidden\" name=\"form_id\" value=\"6c2532a\"\/>\n\t\t\t<input type=\"hidden\" name=\"referer_title\" value=\"Yes on Prop 1 - Protect Abortion Rights\" \/>\n\n\t\t\t\t\t\t\t<input type=\"hidden\" name=\"queried_id\" value=\"436\"\/>\n\t\t\t\n\t\t\t<div class=\"elementor-form-fields-wrapper elementor-labels-above\">\n\t\t\t\t\t\t\t\t<div class=\"elementor-field-type-text elementor-field-group elementor-column elementor-field-group-name elementor-col-50\">\n\t\t\t\t\t\t\t\t\t\t\t\t\t<input size=\"1\" type=\"text\" name=\"form_fields[name]\" id=\"form-field-name\" class=\"elementor-field elementor-size-sm  elementor-field-textual\" placeholder=\"Nombre\">\n\t\t\t\t\t\t\t\t\t\t\t<\/div>\n\t\t\t\t\t\t\t\t<div class=\"elementor-field-type-text elementor-field-group elementor-column elementor-field-group-field_efe3cdf elementor-col-50\">\n\t\t\t\t\t\t\t\t\t\t\t\t\t<input size=\"1\" type=\"text\" name=\"form_fields[field_efe3cdf]\" id=\"form-field-field_efe3cdf\" class=\"elementor-field elementor-size-sm  elementor-field-textual\" placeholder=\"Apellido\">\n\t\t\t\t\t\t\t\t\t\t\t<\/div>\n\t\t\t\t\t\t\t\t<div class=\"elementor-field-type-text elementor-field-group elementor-column elementor-field-group-message elementor-col-66\">\n\t\t\t\t\t\t\t\t\t\t\t\t\t<input size=\"1\" type=\"text\" name=\"form_fields[message]\" id=\"form-field-message\" class=\"elementor-field elementor-size-sm  elementor-field-textual\" placeholder=\"Tel\u00e9fono\">\n\t\t\t\t\t\t\t\t\t\t\t<\/div>\n\t\t\t\t\t\t\t\t<div class=\"elementor-field-type-text elementor-field-group elementor-column elementor-field-group-field_60c6115 elementor-col-33 elementor-field-required\">\n\t\t\t\t\t\t\t\t\t\t\t\t\t<input size=\"1\" type=\"text\" name=\"form_fields[field_60c6115]\" id=\"form-field-field_60c6115\" class=\"elementor-field elementor-size-sm  elementor-field-textual\" placeholder=\"C\u00f3digo postal\" required=\"required\">\n\t\t\t\t\t\t\t\t\t\t\t<\/div>\n\t\t\t\t\t\t\t\t<div class=\"elementor-field-type-email elementor-field-group elementor-column elementor-field-group-email elementor-col-100 elementor-field-required\">\n\t\t\t\t\t\t\t\t\t\t\t\t\t<input size=\"1\" type=\"email\" name=\"form_fields[email]\" id=\"form-field-email\" class=\"elementor-field elementor-size-sm  elementor-field-textual\" placeholder=\"Correo electr\u00f3nico\" required=\"required\">\n\t\t\t\t\t\t\t\t\t\t\t<\/div>\n\t\t\t\t\t\t\t\t<div class=\"elementor-field-type-checkbox elementor-field-group elementor-column elementor-field-group-field_6f4ec74 elementor-col-100\">\n\t\t\t\t\t<div class=\"elementor-field-subgroup  \"><span class=\"elementor-field-option\"><input type=\"checkbox\" value=\"Acepto recibir mensajes de texto\" id=\"form-field-field_6f4ec74-0\" name=\"form_fields[field_6f4ec74]\"> <label for=\"form-field-field_6f4ec74-0\">Acepto recibir mensajes de texto<\/label><\/span><\/div>\t\t\t\t<\/div>\n\t\t\t\t\t\t\t\t<div class=\"elementor-field-group elementor-column elementor-field-type-submit elementor-col-100 e-form__buttons\">\n\t\t\t\t\t<button class=\"elementor-button elementor-size-sm\" type=\"submit\">\n\t\t\t\t\t\t<span class=\"elementor-button-content-wrapper\">\n\t\t\t\t\t\t\t\t\t\t\t\t\t\t\t\t\t\t\t\t\t\t<span class=\"elementor-button-text\">\u00a1Me apunto!<\/span>\n\t\t\t\t\t\t\t\t\t\t\t\t\t<\/span>\n\t\t\t\t\t<\/button>\n\t\t\t\t<\/div>\n\t\t\t<\/div>\n\t\t<\/form>\n\t\t\t\t\t\t<\/div>\n\t\t\t\t<\/div>\n\t\t\t\t\t<\/div>\n\t\t<\/div>\n\t\t\t\t\t<\/div>\n\t\t<\/section>\n\t\t\t\t<section class=\"elementor-section elementor-top-section elementor-element elementor-element-56aa685 elementor-section-full_width elementor-section-stretched elementor-section-height-default elementor-section-height-default\" data-id=\"56aa685\" data-element_type=\"section\" data-settings=\"{&quot;background_background&quot;:&quot;classic&quot;,&quot;stretch_section&quot;:&quot;section-stretched&quot;}\">\n\t\t\t\t\t\t<div class=\"elementor-container elementor-column-gap-default\">\n\t\t\t\t\t<div class=\"elementor-column elementor-col-50 elementor-top-column elementor-element elementor-element-709672f\" data-id=\"709672f\" data-element_type=\"column\" data-settings=\"{&quot;background_background&quot;:&quot;classic&quot;}\">\n\t\t\t<div class=\"elementor-widget-wrap elementor-element-populated\">\n\t\t\t\t\t\t<div class=\"elementor-element elementor-element-7c30dab elementor-widget elementor-widget-text-editor\" data-id=\"7c30dab\" data-element_type=\"widget\" data-widget_type=\"text-editor.default\">\n\t\t\t\t<div class=\"elementor-widget-container\">\n\t\t\t\t\t\t\t\t\t<p><b>Las personas deben tener la libertad de tomar sus propias decisiones m\u00e9dicas con sus proveedores de cuidado de salud, basadas en hechos cient\u00edficos, no en una agenda pol\u00edtica.<\/b><\/p>\t\t\t\t\t\t\t\t<\/div>\n\t\t\t\t<\/div>\n\t\t\t\t<div class=\"elementor-element elementor-element-d6ff031 elementor-align-center elementor-widget elementor-widget-button\" data-id=\"d6ff031\" data-element_type=\"widget\" data-widget_type=\"button.default\">\n\t\t\t\t<div class=\"elementor-widget-container\">\n\t\t\t\t\t\t\t\t\t<div class=\"elementor-button-wrapper\">\n\t\t\t\t\t<a class=\"elementor-button elementor-button-link elementor-size-md\" href=\"https:\/\/www.protectabortionca.com\/wp-content\/uploads\/2022\/10\/221010-YesOn1-FactSheet-Spanish.pdf\">\n\t\t\t\t\t\t<span class=\"elementor-button-content-wrapper\">\n\t\t\t\t\t\t\t\t\t<span class=\"elementor-button-text\">Los Hechos<\/span>\n\t\t\t\t\t<\/span>\n\t\t\t\t\t<\/a>\n\t\t\t\t<\/div>\n\t\t\t\t\t\t\t\t<\/div>\n\t\t\t\t<\/div>\n\t\t\t\t\t<\/div>\n\t\t<\/div>\n\t\t\t\t<div class=\"elementor-column elementor-col-50 elementor-top-column elementor-element elementor-element-3129af5\" data-id=\"3129af5\" data-element_type=\"column\" data-settings=\"{&quot;background_background&quot;:&quot;classic&quot;}\">\n\t\t\t<div class=\"elementor-widget-wrap elementor-element-populated\">\n\t\t\t\t\t\t<div class=\"elementor-element elementor-element-9fcf327 elementor-widget elementor-widget-spacer\" data-id=\"9fcf327\" data-element_type=\"widget\" data-widget_type=\"spacer.default\">\n\t\t\t\t<div class=\"elementor-widget-container\">\n\t\t\t\t\t\t\t<div class=\"elementor-spacer\">\n\t\t\t<div class=\"elementor-spacer-inner\"><\/div>\n\t\t<\/div>\n\t\t\t\t\t\t<\/div>\n\t\t\t\t<\/div>\n\t\t\t\t\t<\/div>\n\t\t<\/div>\n\t\t\t\t\t<\/div>\n\t\t<\/section>\n\t\t\t\t<section class=\"elementor-section elementor-top-section elementor-element elementor-element-e81c70f elementor-section-full_width elementor-section-stretched elementor-section-height-default elementor-section-height-default\" data-id=\"e81c70f\" data-element_type=\"section\" data-settings=\"{&quot;background_background&quot;:&quot;classic&quot;,&quot;stretch_section&quot;:&quot;section-stretched&quot;}\">\n\t\t\t\t\t\t<div class=\"elementor-container elementor-column-gap-default\">\n\t\t\t\t\t<div class=\"elementor-column elementor-col-50 elementor-top-column elementor-element elementor-element-c1aad09 elementor-hidden-tablet elementor-hidden-mobile\" data-id=\"c1aad09\" data-element_type=\"column\" data-settings=\"{&quot;background_background&quot;:&quot;classic&quot;}\">\n\t\t\t<div class=\"elementor-widget-wrap\">\n\t\t\t\t\t\t\t<\/div>\n\t\t<\/div>\n\t\t\t\t<div class=\"elementor-column elementor-col-50 elementor-top-column elementor-element elementor-element-5ce21fe\" data-id=\"5ce21fe\" data-element_type=\"column\" data-settings=\"{&quot;background_background&quot;:&quot;classic&quot;}\">\n\t\t\t<div class=\"elementor-widget-wrap elementor-element-populated\">\n\t\t\t\t\t\t<div class=\"elementor-element elementor-element-8786609 elementor-widget elementor-widget-text-editor\" data-id=\"8786609\" data-element_type=\"widget\" data-widget_type=\"text-editor.default\">\n\t\t\t\t<div class=\"elementor-widget-container\">\n\t\t\t\t\t\t\t\t\t<p><span lang=\"ES-TRAD\">El acceso a\u00a0<\/span><span lang=\"ES-TRAD\">cuidados reproductivos<\/span> <span lang=\"ES-TRAD\">integral<\/span><span lang=\"ES-TRAD\">es\u00a0<\/span><span lang=\"ES-TRAD\">y asequible<\/span><span lang=\"ES-TRAD\">s<\/span><span lang=\"ES-TRAD\">, incluyendo el aborto y el acceso a anticonceptivos, permite a las personas planificar sus vidas y alcanzar sus sue\u00f1os. No importa lo que la\u00a0<\/span><span lang=\"ES-TRAD\">mayor\u00eda<\/span><span lang=\"ES-TRAD\">\u00a0<\/span><span lang=\"ES-TRAD\">conservadora\u00a0<\/span><span lang=\"ES-TRAD\">de la\u00a0<\/span><span lang=\"ES-TRAD\">Corte Suprema de los Estados Unidos haya decidido, debemos continuar asegurando que aqu\u00ed en California, el cuidado de salud sea un derecho.\u00a0<\/span><\/p><p><span lang=\"ES-TRAD\">La Proposici\u00f3n 1\u00a0<\/span><span lang=\"ES-TRAD\">pondr\u00e1<\/span> <span lang=\"ES-TRAD\">ese derecho <\/span><span lang=\"ES-TRAD\">en la<\/span> <span lang=\"ES-TRAD\">Constituci\u00f3n estatal y les dar\u00eda a los votantes la oportunidad de opinar sobre este tema en noviembre. <\/span><b>\u00danete a nuestra lucha para proteger el derecho fundamental a controlar tu cuerpo; incluyendo si quieres abortar. <br \/><\/b><\/p>\t\t\t\t\t\t\t\t<\/div>\n\t\t\t\t<\/div>\n\t\t\t\t\t<\/div>\n\t\t<\/div>\n\t\t\t\t\t<\/div>\n\t\t<\/section>\n\t\t\t\t<\/div>\n\t\t","protected":false},"excerpt":{"rendered":"<p>Espa\u00f1ol \u00danete a la lucha para proteger el derecho al aborto en California. Las personas deben tener la libertad de tomar sus propias decisiones m\u00e9dicas con sus proveedores de cuidado de salud, basadas en hechos cient\u00edficos, no en una agenda pol\u00edtica. Los Hechos El acceso a\u00a0cuidados reproductivos integrales\u00a0y asequibles, incluyendo el aborto y el acceso [&hellip;]<\/p>\n","protected":false},"author":1,"featured_media":391,"parent":0,"menu_order":0,"comment_status":"closed","ping_status":"closed","template":"elementor_header_footer","meta":{"_monsterinsights_skip_tracking":false,"_monsterinsights_sitenote_active":false,"_monsterinsights_sitenote_note":"","_monsterinsights_sitenote_category":0,"footnotes":"","_links_to":"","_links_to_target":""},"class_list":["post-436","page","type-page","status-publish","has-post-thumbnail","hentry"],"yoast_head":"<!-- This site is optimized with the Yoast SEO Premium plugin v20.6 (Yoast SEO v26.7) - https:\/\/yoast.com\/wordpress\/plugins\/seo\/ -->\n<title>Yes on Prop 1 - Protect Abortion Rights<\/title>\n<meta name=\"description\" content=\"Vote Yes on Prop 1 and protect abortion rights in California! Join our fight to protect the fundamental right to control your body.\" \/>\n<meta name=\"robots\" content=\"index, follow, max-snippet:-1, max-image-preview:large, max-video-preview:-1\" \/>\n<link rel=\"canonical\" href=\"https:\/\/www.protectabortionca.com\/\" \/>\n<meta property=\"og:locale\" content=\"es_ES\" \/>\n<meta property=\"og:type\" content=\"article\" \/>\n<meta property=\"og:title\" content=\"Protect Abortion Rights - Vote Yes on Prop 1\" \/>\n<meta property=\"og:description\" content=\"Vote Yes on Prop 1 and protect abortion rights in California!\" \/>\n<meta property=\"og:url\" content=\"https:\/\/www.protectabortionca.com\/\" \/>\n<meta property=\"og:site_name\" content=\"Protect Abortion Rights\" \/>\n<meta property=\"article:modified_time\" content=\"2022-10-11T13:16:36+00:00\" \/>\n<meta property=\"og:image\" content=\"https:\/\/www.protectabortionca.com\/wp-content\/uploads\/2022\/07\/IMage-2-scaled-sma.jpg\" \/>\n<meta name=\"twitter:card\" content=\"summary_large_image\" \/>\n<meta name=\"twitter:title\" content=\"Protect Abortion Rights - Vote Yes on Prop 1\" \/>\n<meta name=\"twitter:description\" content=\"Vote Yes on Prop 1 and protect abortion rights in California!\" \/>\n<meta name=\"twitter:image\" content=\"https:\/\/www.protectabortionca.com\/wp-content\/uploads\/2022\/07\/IMage-2-scaled-sma.jpg\" \/>\n<meta name=\"twitter:label1\" content=\"Tiempo de lectura\" \/>\n\t<meta name=\"twitter:data1\" content=\"1 minuto\" \/>\n<script type=\"application\/ld+json\" class=\"yoast-schema-graph\">{\"@context\":\"https:\/\/schema.org\",\"@graph\":[{\"@type\":\"WebPage\",\"@id\":\"https:\/\/www.protectabortionca.com\/\",\"url\":\"https:\/\/www.protectabortionca.com\/\",\"name\":\"Yes on Prop 1 - Protect Abortion Rights\",\"isPartOf\":{\"@id\":\"https:\/\/www.protectabortionca.com\/#website\"},\"primaryImageOfPage\":{\"@id\":\"https:\/\/www.protectabortionca.com\/#primaryimage\"},\"image\":{\"@id\":\"https:\/\/www.protectabortionca.com\/#primaryimage\"},\"thumbnailUrl\":\"https:\/\/www.protectabortionca.com\/wp-content\/uploads\/2022\/07\/IMage-2-scaled-sma.jpg\",\"datePublished\":\"2022-05-12T07:12:38+00:00\",\"dateModified\":\"2022-10-11T13:16:36+00:00\",\"description\":\"Vote Yes on Prop 1 and protect abortion rights in California! Join our fight to protect the fundamental right to control your body.\",\"breadcrumb\":{\"@id\":\"https:\/\/www.protectabortionca.com\/#breadcrumb\"},\"inLanguage\":\"es\",\"potentialAction\":[{\"@type\":\"ReadAction\",\"target\":[\"https:\/\/www.protectabortionca.com\/\"]}]},{\"@type\":\"ImageObject\",\"inLanguage\":\"es\",\"@id\":\"https:\/\/www.protectabortionca.com\/#primaryimage\",\"url\":\"https:\/\/www.protectabortionca.com\/wp-content\/uploads\/2022\/07\/IMage-2-scaled-sma.jpg\",\"contentUrl\":\"https:\/\/www.protectabortionca.com\/wp-content\/uploads\/2022\/07\/IMage-2-scaled-sma.jpg\",\"width\":800,\"height\":533},{\"@type\":\"BreadcrumbList\",\"@id\":\"https:\/\/www.protectabortionca.com\/#breadcrumb\",\"itemListElement\":[{\"@type\":\"ListItem\",\"position\":1,\"name\":\"Home\",\"item\":\"https:\/\/www.protectabortionca.com\/\"},{\"@type\":\"ListItem\",\"position\":2,\"name\":\"Home\"}]},{\"@type\":\"WebSite\",\"@id\":\"https:\/\/www.protectabortionca.com\/#website\",\"url\":\"https:\/\/www.protectabortionca.com\/\",\"name\":\"Protect Abortion Rights\",\"description\":\"\",\"publisher\":{\"@id\":\"https:\/\/www.protectabortionca.com\/#organization\"},\"potentialAction\":[{\"@type\":\"SearchAction\",\"target\":{\"@type\":\"EntryPoint\",\"urlTemplate\":\"https:\/\/www.protectabortionca.com\/?s={search_term_string}\"},\"query-input\":{\"@type\":\"PropertyValueSpecification\",\"valueRequired\":true,\"valueName\":\"search_term_string\"}}],\"inLanguage\":\"es\"},{\"@type\":\"Organization\",\"@id\":\"https:\/\/www.protectabortionca.com\/#organization\",\"name\":\"Protect Abortion Rights - Yes on Prop 1\",\"url\":\"https:\/\/www.protectabortionca.com\/\",\"logo\":{\"@type\":\"ImageObject\",\"inLanguage\":\"es\",\"@id\":\"https:\/\/www.protectabortionca.com\/#\/schema\/logo\/image\/\",\"url\":\"https:\/\/www.protectabortionca.com\/wp-content\/uploads\/2022\/05\/par_logo_teal_darkico.png\",\"contentUrl\":\"https:\/\/www.protectabortionca.com\/wp-content\/uploads\/2022\/05\/par_logo_teal_darkico.png\",\"width\":1800,\"height\":1800,\"caption\":\"Protect Abortion Rights - Yes on Prop 1\"},\"image\":{\"@id\":\"https:\/\/www.protectabortionca.com\/#\/schema\/logo\/image\/\"}}]}<\/script>\n<!-- \/ Yoast SEO Premium plugin. -->","yoast_head_json":{"title":"Yes on Prop 1 - Protect Abortion Rights","description":"Vote Yes on Prop 1 and protect abortion rights in California! Join our fight to protect the fundamental right to control your body.","robots":{"index":"index","follow":"follow","max-snippet":"max-snippet:-1","max-image-preview":"max-image-preview:large","max-video-preview":"max-video-preview:-1"},"canonical":"https:\/\/www.protectabortionca.com\/","og_locale":"es_ES","og_type":"article","og_title":"Protect Abortion Rights - Vote Yes on Prop 1","og_description":"Vote Yes on Prop 1 and protect abortion rights in California!","og_url":"https:\/\/www.protectabortionca.com\/","og_site_name":"Protect Abortion Rights","article_modified_time":"2022-10-11T13:16:36+00:00","og_image":[{"url":"https:\/\/www.protectabortionca.com\/wp-content\/uploads\/2022\/07\/IMage-2-scaled-sma.jpg","type":"","width":"","height":""}],"twitter_card":"summary_large_image","twitter_title":"Protect Abortion Rights - Vote Yes on Prop 1","twitter_description":"Vote Yes on Prop 1 and protect abortion rights in California!","twitter_image":"https:\/\/www.protectabortionca.com\/wp-content\/uploads\/2022\/07\/IMage-2-scaled-sma.jpg","twitter_misc":{"Tiempo de lectura":"1 minuto"},"schema":{"@context":"https:\/\/schema.org","@graph":[{"@type":"WebPage","@id":"https:\/\/www.protectabortionca.com\/","url":"https:\/\/www.protectabortionca.com\/","name":"Yes on Prop 1 - Protect Abortion Rights","isPartOf":{"@id":"https:\/\/www.protectabortionca.com\/#website"},"primaryImageOfPage":{"@id":"https:\/\/www.protectabortionca.com\/#primaryimage"},"image":{"@id":"https:\/\/www.protectabortionca.com\/#primaryimage"},"thumbnailUrl":"https:\/\/www.protectabortionca.com\/wp-content\/uploads\/2022\/07\/IMage-2-scaled-sma.jpg","datePublished":"2022-05-12T07:12:38+00:00","dateModified":"2022-10-11T13:16:36+00:00","description":"Vote Yes on Prop 1 and protect abortion rights in California! Join our fight to protect the fundamental right to control your body.","breadcrumb":{"@id":"https:\/\/www.protectabortionca.com\/#breadcrumb"},"inLanguage":"es","potentialAction":[{"@type":"ReadAction","target":["https:\/\/www.protectabortionca.com\/"]}]},{"@type":"ImageObject","inLanguage":"es","@id":"https:\/\/www.protectabortionca.com\/#primaryimage","url":"https:\/\/www.protectabortionca.com\/wp-content\/uploads\/2022\/07\/IMage-2-scaled-sma.jpg","contentUrl":"https:\/\/www.protectabortionca.com\/wp-content\/uploads\/2022\/07\/IMage-2-scaled-sma.jpg","width":800,"height":533},{"@type":"BreadcrumbList","@id":"https:\/\/www.protectabortionca.com\/#breadcrumb","itemListElement":[{"@type":"ListItem","position":1,"name":"Home","item":"https:\/\/www.protectabortionca.com\/"},{"@type":"ListItem","position":2,"name":"Home"}]},{"@type":"WebSite","@id":"https:\/\/www.protectabortionca.com\/#website","url":"https:\/\/www.protectabortionca.com\/","name":"Protect Abortion Rights","description":"","publisher":{"@id":"https:\/\/www.protectabortionca.com\/#organization"},"potentialAction":[{"@type":"SearchAction","target":{"@type":"EntryPoint","urlTemplate":"https:\/\/www.protectabortionca.com\/?s={search_term_string}"},"query-input":{"@type":"PropertyValueSpecification","valueRequired":true,"valueName":"search_term_string"}}],"inLanguage":"es"},{"@type":"Organization","@id":"https:\/\/www.protectabortionca.com\/#organization","name":"Protect Abortion Rights - Yes on Prop 1","url":"https:\/\/www.protectabortionca.com\/","logo":{"@type":"ImageObject","inLanguage":"es","@id":"https:\/\/www.protectabortionca.com\/#\/schema\/logo\/image\/","url":"https:\/\/www.protectabortionca.com\/wp-content\/uploads\/2022\/05\/par_logo_teal_darkico.png","contentUrl":"https:\/\/www.protectabortionca.com\/wp-content\/uploads\/2022\/05\/par_logo_teal_darkico.png","width":1800,"height":1800,"caption":"Protect Abortion Rights - Yes on Prop 1"},"image":{"@id":"https:\/\/www.protectabortionca.com\/#\/schema\/logo\/image\/"}}]}},"_links":{"self":[{"href":"https:\/\/www.protectabortionca.com\/es\/wp-json\/wp\/v2\/pages\/436","targetHints":{"allow":["GET"]}}],"collection":[{"href":"https:\/\/www.protectabortionca.com\/es\/wp-json\/wp\/v2\/pages"}],"about":[{"href":"https:\/\/www.protectabortionca.com\/es\/wp-json\/wp\/v2\/types\/page"}],"author":[{"embeddable":true,"href":"https:\/\/www.protectabortionca.com\/es\/wp-json\/wp\/v2\/users\/1"}],"replies":[{"embeddable":true,"href":"https:\/\/www.protectabortionca.com\/es\/wp-json\/wp\/v2\/comments?post=436"}],"version-history":[{"count":0,"href":"https:\/\/www.protectabortionca.com\/es\/wp-json\/wp\/v2\/pages\/436\/revisions"}],"wp:featuredmedia":[{"embeddable":true,"href":"https:\/\/www.protectabortionca.com\/es\/wp-json\/wp\/v2\/media\/391"}],"wp:attachment":[{"href":"https:\/\/www.protectabortionca.com\/es\/wp-json\/wp\/v2\/media?parent=436"}],"curies":[{"name":"wp","href":"https:\/\/api.w.org\/{rel}","templated":true}]}}